{"id":1353,"date":"2022-02-02T18:15:43","date_gmt":"2022-02-02T17:15:43","guid":{"rendered":"https:\/\/pieron.international\/?page_id=1353"},"modified":"2024-02-18T10:37:11","modified_gmt":"2024-02-18T09:37:11","slug":"internatioal","status":"publish","type":"page","link":"https:\/\/pieron.international\/en\/internatioal\/","title":{"rendered":"International"},"content":{"rendered":"\n<div class=\"wp-block-stackable-columns alignfull stk-block-columns stk-block stk-1a2bad4\" data-block-id=\"1a2bad4\"><div class=\"stk-row stk-inner-blocks stk-block-content stk-content-align stk-1a2bad4-column alignfull\">\n<div class=\"wp-block-stackable-column stk-block-column stk-column stk-block stk-009faea\" data-v=\"4\" data-block-id=\"009faea\"><div class=\"stk-column-wrapper stk-block-column__content stk-container stk-009faea-container stk--no-background stk--no-padding\"><div class=\"stk-block-content stk-inner-blocks stk-009faea-inner-blocks\">\t\t<div\n            id=\"wpmapblock_b6537f1b\"\n            data-settings='{&quot;map_marker&quot;:[{&quot;lat&quot;:&quot;43.204120&quot;,&quot;lng&quot;:&quot;-86.282790&quot;,&quot;title&quot;:&quot;USA&quot;,&quot;content&quot;:&quot;Muskegon Michigan&quot;,&quot;iconType&quot;:&quot;custom&quot;,&quot;customIconUrl&quot;:&quot;https:\\\/\\\/pieron.international\\\/wp-content\\\/uploads\\\/2022\\\/06\\\/maps-and-flags-2.png&quot;,&quot;customIconWidth&quot;:&quot;50&quot;,&quot;customIconHeight&quot;:&quot;50&quot;},{&quot;lat&quot;:&quot;20.5927744&quot;,&quot;lng&quot;:&quot;-100.3902245&quot;,&quot;title&quot;:&quot;Mexico&quot;,&quot;content&quot;:&quot;Quer\\u00e9taro&quot;,&quot;iconType&quot;:&quot;custom&quot;,&quot;customIconUrl&quot;:&quot;https:\\\/\\\/pieron.international\\\/wp-content\\\/uploads\\\/2022\\\/06\\\/maps-and-flags-2.png&quot;,&quot;customIconWidth&quot;:&quot;50&quot;,&quot;customIconHeight&quot;:&quot;50&quot;},{&quot;lat&quot;:&quot;51.8382715&quot;,&quot;lng&quot;:&quot;6.6148669&quot;,&quot;title&quot;:&quot;Germany&quot;,&quot;content&quot;:&quot;Bocholt&quot;,&quot;iconType&quot;:&quot;custom&quot;,&quot;customIconUrl&quot;:&quot;https:\\\/\\\/pieron.international\\\/wp-content\\\/uploads\\\/2022\\\/06\\\/maps-and-flags-1.png&quot;,&quot;customIconWidth&quot;:&quot;50&quot;,&quot;customIconHeight&quot;:&quot;50&quot;},{&quot;lat&quot;:&quot;12.9767936&quot;,&quot;lng&quot;:&quot;77.590082&quot;,&quot;title&quot;:&quot;India&quot;,&quot;content&quot;:&quot;Bengaluru&quot;,&quot;iconType&quot;:&quot;custom&quot;,&quot;customIconUrl&quot;:&quot;https:\\\/\\\/pieron.international\\\/wp-content\\\/uploads\\\/2022\\\/06\\\/maps-and-flags-2.png&quot;,&quot;customIconWidth&quot;:&quot;50&quot;,&quot;customIconHeight&quot;:&quot;50&quot;},{&quot;lat&quot;:&quot;31.56572235&quot;,&quot;lng&quot;:&quot;121.17077892872103&quot;,&quot;title&quot;:&quot;China&quot;,&quot;content&quot;:&quot;Taicang&quot;,&quot;iconType&quot;:&quot;custom&quot;,&quot;customIconUrl&quot;:&quot;https:\\\/\\\/pieron.international\\\/wp-content\\\/uploads\\\/2022\\\/06\\\/maps-and-flags-2.png&quot;,&quot;customIconWidth&quot;:&quot;50&quot;,&quot;customIconHeight&quot;:&quot;50&quot;},{&quot;lat&quot;:&quot;42.6384261&quot;,&quot;lng&quot;:&quot;12.674297&quot;,&quot;title&quot;:&quot;&quot;,&quot;content&quot;:&quot;&quot;,&quot;iconType&quot;:&quot;custom&quot;,&quot;customIconUrl&quot;:&quot;https:\\\/\\\/pieron.international\\\/wp-content\\\/uploads\\\/2022\\\/06\\\/maps-and-flags-2.png&quot;,&quot;customIconWidth&quot;:&quot;40&quot;,&quot;customIconHeight&quot;:&quot;40&quot;}],&quot;map_zoom&quot;:&quot;3&quot;,&quot;scroll_wheel_zoom&quot;:false,&quot;map_type&quot;:&quot;OSM&quot;,&quot;center_index&quot;:5}'\n            class=\"wpmapblockrender\"\n            style=\"\n\t\t\twidth: 100%;\n\t\t\theight: 691px;\n\t\t\"\n            >\n        <\/div>\n        <\/div><\/div><\/div>\n<\/div><\/div>\n\n\n\n<div class=\"wp-block-stackable-spacer stk-block-spacer stk--no-padding stk-block stk-74b394c\" data-block-id=\"74b394c\"><style>.stk-74b394c{height:89px !important}<\/style><\/div>\n\n\n\n<div class=\"wp-block-qubely-heading qubely-block-193275 animated fadeInUp\" id=\"1-pieron-international\"><div class=\"qubely-block-heading  \"><div class=\"qubely-heading-container\"><h2 class=\"qubely-heading-selector\">Pieron International<\/h2><\/div><h3 class=\"qubely-sub-heading-selector\">Zu Beginn des Jahrtausends ist PIERON dem Ruf seiner Automotive-Kunden auf die Kontinente&nbsp;Amerika&nbsp;und&nbsp;Asien&nbsp;gefolgt. An diesen beiden Standorten entwickeln und produzieren wir seither technische Federn. Inzwischen hat die PIERON GmbH ihr Engagement auf diesen Kontinenten um weitere Kooperationen erfolgreich erweitert.<br>Seit 2011 ist PIERON nicht nur in den wichtigen Staaten&nbsp;USA&nbsp;und&nbsp;China&nbsp;vertreten, sondern dar\u00fcber hinaus ebenfalls in den stark wachsenden M\u00e4rkten&nbsp;Mexiko&nbsp;und&nbsp;seit 2013 auch in Indien&nbsp;pr\u00e4sent.<\/h3><\/div><\/div>\n\n\n\n<div class=\"wp-block-stackable-spacer stk-block-spacer stk--no-padding stk-block stk-4a85170\" data-block-id=\"4a85170\"><style>.stk-4a85170{height:89px !important}<\/style><\/div>\n\n\n\n<div class=\"wp-block-stackable-columns aligncenter stk-block-columns stk-block stk-85f4925\" data-block-id=\"85f4925\"><div class=\"stk-row stk-inner-blocks stk-block-content stk-content-align stk-85f4925-column\">\n<div class=\"wp-block-stackable-column stk-block-column stk-column stk-block stk-c4efb69\" data-v=\"4\" data-block-id=\"c4efb69\"><div class=\"stk-column-wrapper stk-block-column__content stk-container stk-c4efb69-container stk--no-background stk--no-padding\"><div class=\"stk-block-content stk-inner-blocks stk-c4efb69-inner-blocks\">\n<div class=\"wp-block-stackable-columns stk-block-columns stk-block stk-94f094d\" data-block-id=\"94f094d\"><div class=\"stk-row stk-inner-blocks stk-block-content stk-content-align stk-94f094d-column\">\n<div class=\"wp-block-stackable-column stk-block-column stk-column stk-block stk-0792887\" data-v=\"4\" data-block-id=\"0792887\"><div class=\"stk-column-wrapper stk-block-column__content stk-container stk-0792887-container stk--no-background stk--no-padding\"><div class=\"stk-block-content stk-inner-blocks stk-0792887-inner-blocks\"><div class=\"pgc-sgb-cb wp-block-pgcsimplygalleryblock-masonry \" data-gallery-id=\"56004606\"><div class=\"sgb-preloader\" id=\"pr_56004606\">\n\t<div class=\"sgb-square\" style=\"background:#d4d4d4\"><\/div>\n\t<div class=\"sgb-square\" style=\"background:#d4d4d4\"><\/div>\n\t<div class=\"sgb-square\" style=\"background:#d4d4d4\"><\/div>\n\t<div class=\"sgb-square\" style=\"background:#d4d4d4\"><\/div><\/div><div class=\"simply-gallery-amp pgc_sgb_slider \"><noscript><div class=\"sgb-gallery\"><div class=\"sgb-item\"><a href=\"https:\/\/pieron.international\/wp-content\/uploads\/2022\/05\/Taicang_63912437_S.jpg\"><img decoding=\"async\" alt=\"-\" width=\"300\" height=\"116\" loading=\"lazy\" src=\"https:\/\/pieron.international\/wp-content\/uploads\/2022\/05\/Taicang_63912437_S-300x116.jpg\" srcset=\"https:\/\/pieron.international\/wp-content\/uploads\/2022\/05\/Taicang_63912437_S-300x116.jpg 300w,https:\/\/pieron.international\/wp-content\/uploads\/2022\/05\/Taicang_63912437_S.jpg 849w\" sizes=\"auto, 250px\" title=\"\"><\/a><\/div><div class=\"sgb-item\"><a href=\"https:\/\/pieron.international\/wp-content\/uploads\/2022\/05\/Pieron-GmbH-International1.jpg\"><img decoding=\"async\" alt=\"-\" width=\"300\" height=\"225\" loading=\"lazy\" src=\"https:\/\/pieron.international\/wp-content\/uploads\/2022\/05\/Pieron-GmbH-International1-300x225.jpg\" srcset=\"https:\/\/pieron.international\/wp-content\/uploads\/2022\/05\/Pieron-GmbH-International1-300x225.jpg 300w,https:\/\/pieron.international\/wp-content\/uploads\/2022\/05\/Pieron-GmbH-International1-1024x768.jpg 1024w,https:\/\/pieron.international\/wp-content\/uploads\/2022\/05\/Pieron-GmbH-International1.jpg 1405w\" sizes=\"auto, 250px\" title=\"\"><\/a><\/div><div class=\"sgb-item\"><a href=\"https:\/\/pieron.international\/wp-content\/uploads\/2022\/05\/Detroit_60934642_S.jpg\"><img decoding=\"async\" alt=\"-\" width=\"300\" height=\"116\" loading=\"lazy\" src=\"https:\/\/pieron.international\/wp-content\/uploads\/2022\/05\/Detroit_60934642_S-300x116.jpg\" srcset=\"https:\/\/pieron.international\/wp-content\/uploads\/2022\/05\/Detroit_60934642_S-300x116.jpg 300w,https:\/\/pieron.international\/wp-content\/uploads\/2022\/05\/Detroit_60934642_S.jpg 851w\" sizes=\"auto, 250px\" title=\"\"><\/a><\/div><\/div><\/noscript><\/div><script type=\"application\/json\" class=\"sgb-data\">{\"collectionColumns\":1,\"externalLink\":false,\"collectionThumbSubMenuDownload\":false,\"collectionThumbSubMenuShare\":false,\"galleryType\":\"pgc_sgb_masonry\",\"galleryId\":\"56004606\",\"images\":[{\"id\":1899,\"title\":\"Taicang_63912437_S\",\"url\":\"https:\/\/pieron.international\/wp-content\/uploads\/2022\/05\/Taicang_63912437_S.jpg\",\"link\":\"https:\/\/pieron.international\/internatioal\/taicang_63912437_s\/\",\"alt\":\"\",\"description\":\"\",\"caption\":\"\",\"mime\":\"image\/jpeg\",\"type\":\"image\",\"width\":849,\"height\":328,\"sizes\":{\"thumbnail\":{\"height\":150,\"width\":150,\"url\":\"https:\/\/pieron.international\/wp-content\/uploads\/2022\/05\/Taicang_63912437_S-150x150.jpg\",\"orientation\":\"landscape\"},\"medium\":{\"height\":116,\"width\":300,\"url\":\"https:\/\/pieron.international\/wp-content\/uploads\/2022\/05\/Taicang_63912437_S-300x116.jpg\",\"orientation\":\"landscape\"},\"full\":{\"url\":\"https:\/\/pieron.international\/wp-content\/uploads\/2022\/05\/Taicang_63912437_S.jpg\",\"height\":328,\"width\":849,\"orientation\":\"landscape\"}},\"imageMeta\":{\"aperture\":\"0\",\"credit\":\"\",\"camera\":\"\",\"caption\":\"\",\"created_timestamp\":\"0\",\"copyright\":\"\",\"focal_length\":\"0\",\"iso\":\"0\",\"shutter_speed\":\"0\",\"title\":\"\",\"orientation\":\"0\",\"keywords\":[]},\"meta\":false},{\"id\":1898,\"title\":\"Pieron-GmbH-International1\",\"url\":\"https:\/\/pieron.international\/wp-content\/uploads\/2022\/05\/Pieron-GmbH-International1.jpg\",\"link\":\"https:\/\/pieron.international\/internatioal\/pieron-gmbh-international1\/\",\"alt\":\"\",\"description\":\"\",\"caption\":\"\",\"mime\":\"image\/jpeg\",\"type\":\"image\",\"width\":1405,\"height\":1054,\"sizes\":{\"thumbnail\":{\"height\":150,\"width\":150,\"url\":\"https:\/\/pieron.international\/wp-content\/uploads\/2022\/05\/Pieron-GmbH-International1-150x150.jpg\",\"orientation\":\"landscape\"},\"medium\":{\"height\":225,\"width\":300,\"url\":\"https:\/\/pieron.international\/wp-content\/uploads\/2022\/05\/Pieron-GmbH-International1-300x225.jpg\",\"orientation\":\"landscape\"},\"large\":{\"height\":768,\"width\":1024,\"url\":\"https:\/\/pieron.international\/wp-content\/uploads\/2022\/05\/Pieron-GmbH-International1-1024x768.jpg\",\"orientation\":\"landscape\"},\"full\":{\"url\":\"https:\/\/pieron.international\/wp-content\/uploads\/2022\/05\/Pieron-GmbH-International1.jpg\",\"height\":1054,\"width\":1405,\"orientation\":\"landscape\"}},\"imageMeta\":{\"aperture\":\"0\",\"credit\":\"\",\"camera\":\"\",\"caption\":\"\",\"created_timestamp\":\"0\",\"copyright\":\"\",\"focal_length\":\"0\",\"iso\":\"0\",\"shutter_speed\":\"0\",\"title\":\"\",\"orientation\":\"1\",\"keywords\":[]},\"meta\":false},{\"id\":1897,\"title\":\"Detroit Skyline\",\"url\":\"https:\/\/pieron.international\/wp-content\/uploads\/2022\/05\/Detroit_60934642_S.jpg\",\"link\":\"https:\/\/pieron.international\/internatioal\/detroit-skyline\/\",\"alt\":\"\",\"description\":\"\",\"caption\":\"\",\"mime\":\"image\/jpeg\",\"type\":\"image\",\"width\":851,\"height\":328,\"sizes\":{\"thumbnail\":{\"height\":150,\"width\":150,\"url\":\"https:\/\/pieron.international\/wp-content\/uploads\/2022\/05\/Detroit_60934642_S-150x150.jpg\",\"orientation\":\"landscape\"},\"medium\":{\"height\":116,\"width\":300,\"url\":\"https:\/\/pieron.international\/wp-content\/uploads\/2022\/05\/Detroit_60934642_S-300x116.jpg\",\"orientation\":\"landscape\"},\"full\":{\"url\":\"https:\/\/pieron.international\/wp-content\/uploads\/2022\/05\/Detroit_60934642_S.jpg\",\"height\":328,\"width\":851,\"orientation\":\"landscape\"}},\"imageMeta\":{\"aperture\":\"4.5\",\"credit\":\"lindaparton - Fotolia\",\"camera\":\"NIKON D7000\",\"caption\":\"\",\"created_timestamp\":\"1349772307\",\"copyright\":\"lindaparton - Fotolia\",\"focal_length\":\"34\",\"iso\":\"100\",\"shutter_speed\":\"0.00125\",\"title\":\"Detroit Skyline\",\"orientation\":\"1\",\"keywords\":[\"detroit\",\"city\",\"cityscape\",\"downtown\",\"skyline\",\"river\",\"canada\",\"across\",\"from\",\"sunny\",\"sunshine\",\"clear\",\"border\",\"town\",\"renaissance center\",\"buildings\",\"culture\",\"business\",\"automotive\",\"capitol\",\"world\",\"riverboat\",\"blue\",\"sky\",\"daytime\"]},\"meta\":false}],\"galleryData\":\"{\\u0022pageMode\\u0022:false,\\u0022collectionColumns\\u0022:1,\\u0022collectionThumbRecomendedWidth\\u0022:200,\\u0022thumbSpacing\\u0022:5,\\u0022externalLink\\u0022:false,\\u0022externalLinkDefName\\u0022:\\u0022Read More\\u0022,\\u0022externalLinkTextColor\\u0022:\\u0022rgba(0,0,0,1)\\u0022,\\u0022externalLinkBgColor\\u0022:\\u0022rgba(255,255,255,1)\\u0022,\\u0022externalLinkFontSize\\u0022:18,\\u0022captions\\u0022:true,\\u0022captionSrc\\u0022:\\u0022caption\\u0022,\\u0022captionHAlign\\u0022:\\u0022top\\u0022,\\u0022collectionthumbHoverTitleFontSize\\u0022:18,\\u0022collectionthumbRoundedCorners\\u0022:0,\\u0022collectionthumbHoverTitleTextColor\\u0022:\\u0022rgba(255,255,255,1)\\u0022,\\u0022collectionthumbHoverTitleTextBgColor\\u0022:\\u0022rgba(0,0,0,0.8)\\u0022,\\u0022collectionthumbHoverBgColor\\u0022:\\u0022rgba(0,0,0,0.4)\\u0022,\\u0022collectionThumbSubMenuDownload\\u0022:false,\\u0022collectionThumbSubMenuShare\\u0022:false,\\u0022collectionThumbSubMenuBgColor\\u0022:\\u0022rgba(0,0,0,0.4)\\u0022,\\u0022collectionThumbSubMenuBgColorHover\\u0022:\\u0022rgba(255,255,255,1)\\u0022,\\u0022collectionThumbSubMenuIconColor\\u0022:\\u0022rgba(255,255,255,1)\\u0022,\\u0022collectionThumbSubMenuIconColorHover\\u0022:\\u0022rgba(0,0,0,1)\\u0022,\\u0022galleryType\\u0022:\\u0022pgc_sgb_masonry\\u0022,\\u0022align\\u0022:\\u0022\\u0022,\\u0022galleryId\\u0022:\\u002256004606\\u0022,\\u0022tagsListCustomMode\\u0022:false,\\u0022initGalleryByFirstTag\\u0022:false,\\u0022deepLinkingForTag\\u0022:false,\\u0022galleryTagsList\\u0022:[],\\u0022useClobalSettings\\u0022:false,\\u0022orderBy\\u0022:\\u0022custom\\u0022,\\u0022deepLinking\\u0022:false,\\u0022useLightbox\\u0022:true,\\u0022thumbClickAction\\u0022:\\u0022useLightbox\\u0022,\\u0022numItemsDisplayed\\u0022:0,\\u0022lazyLoading\\u0022:true,\\u0022contentNoPadding\\u0022:false,\\u0022galleryPreloaderColor\\u0022:\\u0022rgba(230,230,230,1)\\u0022,\\u0022galleryBgColor\\u0022:\\u0022rgba(0,0,0,0)\\u0022,\\u0022galleryBorderRadius\\u0022:0,\\u0022customCSS\\u0022:\\u0022\\u0022,\\u0022itemsPerPage\\u0022:20,\\u0022loadMoreDefName\\u0022:\\u0022Load More\\u0022,\\u0022loadMoreFontSize\\u0022:16,\\u0022loadMoreTextColor\\u0022:\\u0022rgba(255,255,255,1)\\u0022,\\u0022loadMoreBgColor\\u0022:\\u0022rgba(0,0,0,1)\\u0022,\\u0022tagsFilter\\u0022:false,\\u0022tagCloudAll\\u0022:\\u0022All\\u0022,\\u0022tagCloudBgColor\\u0022:\\u0022rgba(153,153,153,1)\\u0022,\\u0022tagCloudBgColorOver\\u0022:\\u0022rgba(253,253,253,1)\\u0022,\\u0022tagCloudTextColor\\u0022:\\u0022rgba(253,253,253,1)\\u0022,\\u0022tagCloudTextColorOver\\u0022:\\u0022rgba(153,153,153,1)\\u0022,\\u0022tagCloudFontSize\\u0022:16,\\u0022modaBgColor\\u0022:\\u0022rgba(0,0,0,0.8)\\u0022,\\u0022modalIconColor\\u0022:\\u0022rgba(255,255,255,1)\\u0022,\\u0022modalIconColorHover\\u0022:\\u0022rgba(255,255,255,0.8)\\u0022,\\u0022shareFacebook\\u0022:true,\\u0022shareTwitter\\u0022:true,\\u0022sharePinterest\\u0022:true,\\u0022sliderItemDownload\\u0022:true,\\u0022shareCopyLink\\u0022:true,\\u0022sharePost\\u0022:\\u0022sharelink\\u0022,\\u0022copyRProtection\\u0022:false,\\u0022copyRAlert\\u0022:\\u0022Hello, this photo is mine!\\u0022,\\u0022sliderScrollNavi\\u0022:false,\\u0022sliderNextPrevAnimation\\u0022:\\u0022animation\\u0022,\\u0022galleryScrollPositionControll\\u0022:false,\\u0022sliderVideoAutoPlay\\u0022:false,\\u0022sliderVideoLoop\\u0022:false,\\u0022sliderItemCounterEnable\\u0022:false,\\u0022sliderCaptionSrc\\u0022:\\u0022caption\\u0022,\\u0022sliderItemTitleEnable\\u0022:false,\\u0022sliderItemTitleFontSize\\u0022:18,\\u0022sliderItemTitleTextColor\\u0022:\\u0022rgba(255,255,255,1)\\u0022,\\u0022itemCounterColor\\u0022:\\u0022rgba(255,255,255,1)\\u0022,\\u0022sliderThumbBarEnable\\u0022:true,\\u0022sliderThumbBarHoverColor\\u0022:\\u0022rgba(240,240,240,1)\\u0022,\\u0022sliderBgColor\\u0022:\\u0022rgba(0,0,0,0.8)\\u0022,\\u0022sliderPreloaderColor\\u0022:\\u0022rgba(240,240,240,1)\\u0022,\\u0022sliderHeaderFooterBgColor\\u0022:\\u0022rgba(0,0,0,0.4)\\u0022,\\u0022sliderNavigationColor\\u0022:\\u0022rgba(0,0,0,1)\\u0022,\\u0022sliderNavigationColorOver\\u0022:\\u0022rgba(255,255,255,1)\\u0022,\\u0022sliderNavigationIconColor\\u0022:\\u0022rgba(255,255,255,1)\\u0022,\\u0022sliderNavigationIconColorOver\\u0022:\\u0022rgba(0,0,0,1)\\u0022,\\u0022sliderSlideshow\\u0022:false,\\u0022sliderSlideshowDelay\\u0022:8,\\u0022slideshowIndicatorColor\\u0022:\\u0022rgba(255,255,255,1)\\u0022,\\u0022slideshowIndicatorColorBg\\u0022:\\u0022rgba(255,255,255,0.5)\\u0022,\\u0022sliderThumbSubMenuBackgroundColor\\u0022:\\u0022rgba(255,255,255,0)\\u0022,\\u0022sliderThumbSubMenuBackgroundColorOver\\u0022:\\u0022rgba(255,255,255,1)\\u0022,\\u0022sliderThumbSubMenuIconColor\\u0022:\\u0022rgba(255,255,255,1)\\u0022,\\u0022sliderThumbSubMenuIconHoverColor\\u0022:\\u0022rgba(0,0,0,1)\\u0022,\\u0022sliderSocialShareEnabled\\u0022:false,\\u0022sliderZoomEnable\\u0022:false,\\u0022sliderFullscreenEnabled\\u0022:false,\\u0022settingsModalIsOpen\\u0022:false,\\u0022skin\\u0022:\\u0022masonry\\u0022}\",\"sliderItemCounterEnable\":false,\"sliderSlideshow\":false,\"sliderSocialShareEnabled\":false,\"sliderZoomEnable\":false,\"sliderFullscreenEnabled\":false,\"TrpContentRestriction\":{\"restriction_type\":\"exclude\",\"selected_languages\":[],\"panel_open\":true},\"itemsMetaDataCollection\":[]}<\/script><script>(function(){if(window.PGC_SGB && window.PGC_SGB.searcher){window.PGC_SGB.searcher.initBlocks()}})()<\/script><\/div><\/div><\/div><\/div>\n<\/div><\/div>\n<\/div><\/div><\/div>\n\n\n\n<div class=\"wp-block-stackable-column stk-block-column stk-column stk-block stk-a819a96\" data-v=\"4\" data-block-id=\"a819a96\"><div class=\"stk-column-wrapper stk-block-column__content stk-container stk-a819a96-container stk--no-background stk--no-padding\"><div class=\"stk-block-content stk-inner-blocks stk-a819a96-inner-blocks\">\n<div class=\"wp-block-qubely-heading qubely-block-3acfbc animated fadeInUp\" id=\"1-pieron-international\"><div class=\"qubely-block-heading  \"><div class=\"qubely-heading-container\"><h2 class=\"qubely-heading-selector\">Historie<\/h2><\/div><h3 class=\"qubely-sub-heading-selector\">2001: Gr\u00fcndung des Joint Ventures Kern-Liebers Pieron in Farmington Hills, MI, USA<br>2004: Gr\u00fcndung des Joint Ventures Kern-Liebers Pieron in Taicang, China<br>2011: Pieron Kern-Liebers Kooperation in Mexiko<br>2013: Pieron Kern-Liebers Kooperation in Indien<br><br><strong>Joint Ventures:<\/strong><br><br><strong>Kern-Liebers Pieron Inc.<\/strong><br>2700 Wickham Dr, 49441 Muskegon, Michigan<br><em><strong>Ryan Kiblawi<\/strong><\/em>&nbsp;(General Manager)<br>Phone: +1 248 427-1100, Fax: +1 248 427-1108<br><a rel=\"noreferrer noopener\" href=\"http:\/\/www.kern-liebers-usa.com\/\" target=\"_blank\">www.kern-liebers-usa.com<\/a><br>&nbsp;<br><strong>Kern-Liebers Pieron Autoparts Taicang Co., Ltd.<\/strong><br>188 East Guangzhou Road, 215400 Taicang, Jiangsu, P. R. China<br><em><strong>Linda Ge<\/strong><\/em>&nbsp;(Operation Director)<br>Phone: +86 512 53578-996, Fax: +86 512 53578-997<\/h3><\/div><\/div>\n<\/div><\/div><\/div>\n<\/div><\/div>\n","protected":false},"excerpt":{"rendered":"","protected":false},"author":1,"featured_media":0,"parent":0,"menu_order":0,"comment_status":"closed","ping_status":"closed","template":"","meta":{"qubely_global_settings":"","qubely_interactions":"","pgc_sgb_lightbox_settings":"","footnotes":""},"class_list":["post-1353","page","type-page","status-publish","hentry"],"blocksy_meta":{"styles_descriptor":{"styles":{"desktop":"","tablet":"","mobile":""},"google_fonts":[],"version":6},"page_title_panel":"","has_hero_section":"disabled","7151ce9b6ae7b68c63cb11d06a2965cb":"","hero_section":"type-1","hero_elements":[{"id":"custom_title","enabled":true,"heading_tag":"h1","title":"Startseite"},{"id":"custom_description","enabled":true,"description_visibility":{"desktop":true,"tablet":true,"mobile":false}},{"id":"custom_meta","enabled":false,"meta_elements":[{"id":"author","enabled":true,"label":"Von","has_author_avatar":"yes","avatar_size":25},{"id":"post_date","enabled":true,"label":"Am","date_format_source":"default","date_format":"M j, Y"},{"id":"updated_date","enabled":false,"label":"Am","date_format_source":"default","date_format":"M j, Y"},{"id":"categories","enabled":false,"label":"In","style":"simple"},{"id":"comments","enabled":true}],"page_meta_elements":{"joined":true,"articles_count":true,"comments":true}},{"id":"breadcrumbs","enabled":false}],"72d01434f6a4b03d5a18c3dff087e9fd":"","hero_alignment1":"CT_CSS_SKIP_RULE","hero_margin":40,"hero_alignment2":"center","hero_vertical_alignment":"center","4d54f50308bb44a8a63eec3b0f0cabe8":"","hero_structure":"narrow","45b20241104a2caa5f0f4e8ee9c3ff94":"","page_title_bg_type":"featured_image","custom_hero_background":{"attachment_id":null},"parallax":{"desktop":false,"tablet":false,"mobile":false},"0b5e54b916068a70b1d3a7a9f7cf7f09":"","hero_height":"250px","pageTitleFont":{"family":"Default","variation":"Default","size":"30px","line-height":"CT_CSS_SKIP_RULE","letter-spacing":"CT_CSS_SKIP_RULE","text-transform":"CT_CSS_SKIP_RULE","text-decoration":"CT_CSS_SKIP_RULE"},"pageTitleFontColor":{"default":{"color":"CT_CSS_SKIP_RULEDEFAULT"}},"pageMetaFont":{"family":"Default","variation":"n6","size":"12px","line-height":"1.3","letter-spacing":"CT_CSS_SKIP_RULE","text-transform":"uppercase","text-decoration":"CT_CSS_SKIP_RULE"},"pageMetaFontColor":{"default":{"color":"CT_CSS_SKIP_RULEDEFAULT"},"hover":{"color":"CT_CSS_SKIP_RULEDEFAULT"}},"page_meta_button_type_font_colors":{"default":{"color":"CT_CSS_SKIP_RULEDEFAULT"},"hover":{"color":"CT_CSS_SKIP_RULEDEFAULT"}},"page_meta_button_type_background_colors":{"default":{"color":"CT_CSS_SKIP_RULEDEFAULT"},"hover":{"color":"CT_CSS_SKIP_RULEDEFAULT"}},"pageExcerptFont":{"family":"Default","variation":"Default","size":"CT_CSS_SKIP_RULE","line-height":"CT_CSS_SKIP_RULE","letter-spacing":"CT_CSS_SKIP_RULE","text-transform":"CT_CSS_SKIP_RULE","text-decoration":"CT_CSS_SKIP_RULE"},"pageExcerptColor":{"default":{"color":"CT_CSS_SKIP_RULEDEFAULT"}},"breadcrumbsFont":{"family":"Default","variation":"Default","size":"CT_CSS_SKIP_RULE","line-height":"CT_CSS_SKIP_RULE","letter-spacing":"CT_CSS_SKIP_RULE","text-transform":"CT_CSS_SKIP_RULE","text-decoration":"CT_CSS_SKIP_RULE"},"breadcrumbsFontColor":{"default":{"color":"CT_CSS_SKIP_RULEDEFAULT"},"initial":{"color":"CT_CSS_SKIP_RULEDEFAULT"},"hover":{"color":"CT_CSS_SKIP_RULEDEFAULT"}},"pageTitleOverlay":{"background_type":"color","background_pattern":"type-1","background_image":{"attachment_id":null,"x":0,"y":0},"gradient":"linear-gradient(135deg,rgba(6,147,227,1) 0%,rgb(155,81,224) 100%)","background_repeat":"repeat","background_size":"auto","background_attachment":"scroll","patternColor":{"default":{"color":"#e5e7ea"}},"overlayColor":{"default":{"color":"CT_CSS_SKIP_RULE"}},"backgroundColor":{"default":{"color":"CT_CSS_SKIP_RULE"}}},"pageTitleBackground":{"background_type":"color","background_pattern":"type-1","background_image":{"attachment_id":null,"x":0,"y":0},"gradient":"linear-gradient(135deg,rgba(6,147,227,1) 0%,rgb(155,81,224) 100%)","background_repeat":"repeat","background_size":"auto","background_attachment":"scroll","patternColor":{"default":{"color":"#e5e7ea"}},"overlayColor":{"default":{"color":"CT_CSS_SKIP_RULE"}},"backgroundColor":{"default":{"color":"var(--theme-palette-color-6)"}}},"pageTitlePadding":{"top":"50px","bottom":"50px","left":"auto","right":"auto","linked":true},"e123ffce7d92d5d63d052ca14d558d68":"","page_structure_type":"default","df348302e858b98caa6d2689abbf5617":"","content_style_source":"inherit","content_style":"wide","vertical_spacing_source":"custom","content_area_spacing":"bottom","background":{"background_type":"color","background_pattern":"type-1","background_image":{"attachment_id":null,"x":0,"y":0},"gradient":"linear-gradient(135deg,rgba(6,147,227,1) 0%,rgb(155,81,224) 100%)","background_repeat":"repeat","background_size":"auto","background_attachment":"scroll","patternColor":{"default":{"color":"#e5e7ea"}},"overlayColor":{"default":{"color":"CT_CSS_SKIP_RULE"}},"backgroundColor":{"default":{"color":"CT_CSS_SKIP_RULE"}}},"content_background":{"background_type":"color","background_pattern":"type-1","background_image":{"attachment_id":null,"x":0,"y":0},"gradient":"linear-gradient(135deg,rgba(6,147,227,1) 0%,rgb(155,81,224) 100%)","background_repeat":"repeat","background_size":"auto","background_attachment":"scroll","patternColor":{"default":{"color":"#e5e7ea"}},"overlayColor":{"default":{"color":"CT_CSS_SKIP_RULE"}},"backgroundColor":{"default":{"color":"var(--theme-palette-color-8)"}}},"content_boxed_shadow":{"inherit":false,"blur":18,"spread":-6,"v_offset":12,"h_offset":0,"inset":false,"enable":true,"color":{"color":"rgba(34, 56, 101, 0.04)"}},"boxed_content_spacing":{"desktop":{"top":"40px","bottom":"40px","left":"40px","right":"40px","linked":true},"tablet":{"top":"35px","bottom":"35px","left":"35px","right":"35px","linked":true},"mobile":{"top":"20px","bottom":"20px","left":"20px","right":"20px","linked":true}},"content_boxed_radius":{"top":"3px","bottom":"3px","left":"3px","right":"3px","linked":true},"b1336f29864a7fa1d88778f80bd98201":"","disable_featured_image":"no","disable_share_box":"no","disable_header":"no","disable_footer":"no"},"_links":{"self":[{"href":"https:\/\/pieron.international\/en\/wp-json\/wp\/v2\/pages\/1353","targetHints":{"allow":["GET"]}}],"collection":[{"href":"https:\/\/pieron.international\/en\/wp-json\/wp\/v2\/pages"}],"about":[{"href":"https:\/\/pieron.international\/en\/wp-json\/wp\/v2\/types\/page"}],"author":[{"embeddable":true,"href":"https:\/\/pieron.international\/en\/wp-json\/wp\/v2\/users\/1"}],"replies":[{"embeddable":true,"href":"https:\/\/pieron.international\/en\/wp-json\/wp\/v2\/comments?post=1353"}],"version-history":[{"count":12,"href":"https:\/\/pieron.international\/en\/wp-json\/wp\/v2\/pages\/1353\/revisions"}],"predecessor-version":[{"id":35569,"href":"https:\/\/pieron.international\/en\/wp-json\/wp\/v2\/pages\/1353\/revisions\/35569"}],"wp:attachment":[{"href":"https:\/\/pieron.international\/en\/wp-json\/wp\/v2\/media?parent=1353"}],"curies":[{"name":"wp","href":"https:\/\/api.w.org\/{rel}","templated":true}]}}